{"id":124,"date":"2014-02-18T17:26:12","date_gmt":"2014-02-18T17:26:12","guid":{"rendered":"http:\/\/laperxadadetico.com\/?page_id=124"},"modified":"2014-02-20T11:06:56","modified_gmt":"2014-02-20T11:06:56","slug":"donde-estamos","status":"publish","type":"page","link":"https:\/\/laperxadadetico.com\/es\/donde-estamos\/","title":{"rendered":"D\u00f3nde estamos"},"content":{"rendered":"<p>C\u00f3mo llegar:<\/p>\n<p><strong>Desde Barcelona:<\/strong><\/p>\n<p>Por la A2 fins a la sortida d&#8217;Agramunt. Des d&#8217;Agramunt-Artesa de Segre &#8211; Tremp &#8211; Sort &#8211; Llavors\u00ed &#8211; Ribera de Card\u00f3s &#8211; Lladorre &#8211; Bold\u00eds<\/p>\n<p><strong>Desde Lleida:<\/strong><\/p>\n<p>Lleida &#8211; Tremp\u00a0\u00a0&#8211; Sort &#8211; Llavors\u00ed &#8211; Ribera de Card\u00f3s &#8211; Lladorre &#8211; Bold\u00eds<\/p>\n<p><strong>Desde Madrid:<\/strong><\/p>\n<p>Madrid &#8211; Lleida\u00a0&#8211; Tremp\u00a0\u00a0&#8211; Sort &#8211; Llavors\u00ed &#8211; Ribera de Card\u00f3s &#8211; Lladorre &#8211; Bold\u00eds<\/p>\n<p><strong>c\/.Unic s\/n \u00a025571. BOLDIS SOBIR\u00c0<\/strong><\/p>\n<p>[google-map-v3 shortcodeid=&#8221;f867fa38&#8243; width=&#8221;350&#8243; height=&#8221;350&#8243; zoom=&#8221;12&#8243; maptype=&#8221;roadmap&#8221; mapalign=&#8221;center&#8221; directionhint=&#8221;false&#8221; language=&#8221;default&#8221; poweredby=&#8221;false&#8221; maptypecontrol=&#8221;true&#8221; pancontrol=&#8221;true&#8221; zoomcontrol=&#8221;true&#8221; scalecontrol=&#8221;true&#8221; streetviewcontrol=&#8221;true&#8221; scrollwheelcontrol=&#8221;false&#8221; draggable=&#8221;true&#8221; tiltfourtyfive=&#8221;false&#8221; enablegeolocationmarker=&#8221;false&#8221; enablemarkerclustering=&#8221;false&#8221; addmarkermashup=&#8221;false&#8221; addmarkermashupbubble=&#8221;false&#8221; addmarkerlist=&#8221;42.6138996, 1.271502{}4-default.png&#8221; bubbleautopan=&#8221;true&#8221; distanceunits=&#8221;miles&#8221; showbike=&#8221;false&#8221; showtraffic=&#8221;false&#8221; showpanoramio=&#8221;false&#8221;]<\/p>","protected":false},"excerpt":{"rendered":"<p>C\u00f3mo llegar: Desde Barcelona: Por la A2 fins a la sortida d&#8217;Agramunt. Des d&#8217;Agramunt-Artesa de Segre &#8211; Tremp &#8211; Sort &#8211; Llavors\u00ed &#8211; Ribera de Card\u00f3s &#8211; Lladorre &#8211; Bold\u00eds Desde Lleida: Lleida &#8211; Tremp\u00a0\u00a0&#8211; Sort &#8211; Llavors\u00ed &#8211; Ribera de Card\u00f3s &#8211; Lladorre &#8211; Bold\u00eds Desde Madrid: Madrid &#8211; \u2026<\/p>\n<p class=\"continue-reading-button\"> <a class=\"continue-reading-link\" href=\"https:\/\/laperxadadetico.com\/es\/donde-estamos\/\">Continue reading<i class=\"crycon-right-dir\"><\/i><\/a><\/p>","protected":false},"author":1,"featured_media":0,"parent":0,"menu_order":6,"comment_status":"closed","ping_status":"closed","template":"","meta":{"om_disable_all_campaigns":false,"_exactmetrics_skip_tracking":false,"_exactmetrics_sitenote_active":false,"_exactmetrics_sitenote_note":"","_exactmetrics_sitenote_category":0,"_monsterinsights_skip_tracking":false,"_monsterinsights_sitenote_active":false,"_monsterinsights_sitenote_note":"","_monsterinsights_sitenote_category":0,"ngg_post_thumbnail":0,"footnotes":""},"class_list":["post-124","page","type-page","status-publish","hentry"],"aioseo_notices":[],"_links":{"self":[{"href":"https:\/\/laperxadadetico.com\/es\/wp-json\/wp\/v2\/pages\/124","targetHints":{"allow":["GET"]}}],"collection":[{"href":"https:\/\/laperxadadetico.com\/es\/wp-json\/wp\/v2\/pages"}],"about":[{"href":"https:\/\/laperxadadetico.com\/es\/wp-json\/wp\/v2\/types\/page"}],"author":[{"embeddable":true,"href":"https:\/\/laperxadadetico.com\/es\/wp-json\/wp\/v2\/users\/1"}],"replies":[{"embeddable":true,"href":"https:\/\/laperxadadetico.com\/es\/wp-json\/wp\/v2\/comments?post=124"}],"version-history":[{"count":4,"href":"https:\/\/laperxadadetico.com\/es\/wp-json\/wp\/v2\/pages\/124\/revisions"}],"predecessor-version":[{"id":153,"href":"https:\/\/laperxadadetico.com\/es\/wp-json\/wp\/v2\/pages\/124\/revisions\/153"}],"wp:attachment":[{"href":"https:\/\/laperxadadetico.com\/es\/wp-json\/wp\/v2\/media?parent=124"}],"curies":[{"name":"wp","href":"https:\/\/api.w.org\/{rel}","templated":true}]}}