{"id":2,"date":"2014-02-02T21:49:27","date_gmt":"2014-02-02T21:49:27","guid":{"rendered":"http:\/\/laperxadadetico.com\/?page_id=2"},"modified":"2014-03-29T13:09:42","modified_gmt":"2014-03-29T13:09:42","slug":"presentacio","status":"publish","type":"page","link":"https:\/\/laperxadadetico.com\/es\/presentacio\/","title":{"rendered":"Presentaci\u00f3"},"content":{"rendered":"<p><img fetchpriority=\"high\" decoding=\"async\" class=\"alignright size-full wp-image-546\" alt=\"presetnacio2\" src=\"http:\/\/laperxadadetico.com\/wp-content\/uploads\/2014\/02\/presetnacio22.jpg\" width=\"425\" height=\"567\" srcset=\"https:\/\/laperxadadetico.com\/wp-content\/uploads\/2014\/02\/presetnacio22.jpg 425w, https:\/\/laperxadadetico.com\/wp-content\/uploads\/2014\/02\/presetnacio22-112x150.jpg 112w\" sizes=\"(max-width: 425px) 100vw, 425px\" \/>La Perxada de Tic\u00f3 es troba al petit poble de Bold\u00eds Sobir\u00e0 al capdamunt de la Vall de Sant Miquel, una vall secund\u00e0ria de la zona alta de la Vall de Card\u00f3s, al Pallars Sobir\u00e0. Un espai d&#8217;alta muntanya on gaudir de la tranquil\u00b7litat de la vida rural i ramadera.<\/p>\n<p>Es compon de dues cases de poble independents de 4 places cadascuna ubicades en dues plantes diferents del mateix edifici i constru\u00efdes a partir de la rehabilitaci\u00f3 d&#8217;un antic paller, una \u201cperxada\u201d, de Casa Tic\u00f3.<\/p>\n<p>S&#8217;han constru\u00eft de nou aprofitant la pedra t\u00edpica de la zona per a les fa\u00e7anes exteriors, i decoraci\u00f3 interior amb fusta.<\/p>\n<p>La situaci\u00f3 privilegiada de Bold\u00eds ofereix als seus visitants magn\u00edfiques vistes de la Vall, a m\u00e9s d&#8217;estar a les portes del Parc Natural de l\u00b4Alt Pirineu, i a la mateixa comarca que el Parc Nacional d&#8217;Aig\u00fcestortes i Estany de Sant Maurici.<\/p>\n<p>A casa nostra criem cavalls de la ra\u00e7a aut\u00f2ctona Cavall Pirinenc Catal\u00e0, existeix la possibilitat de veure&#8217;ls. A l&#8217;estiu pasturen en llibertat pels prats d&#8217;alta muntanya, per\u00f2 la resta de l\u00b4any s\u00f3n a vora el poble, a la primavera \u00e9s molt probable que pugueu veure els petits pollins acabats de n\u00e9ixer.<\/p>\n<p>Pel nostre poble hi passa el sender de gran recorregut GR11 que travessa els Pirineus des del seu naixement a l&#8217;Empord\u00e0 fins a Euskadi, des de Bold\u00eds Sobir\u00e0 podeu rec\u00f3rrer petits trams d&#8217;aquest sender que est\u00e0n senyalitzats. A m\u00e9s \u00e9s un magn\u00edfic punt de sortida d&#8217;excursions i caminades. Tamb\u00e9 podeu visitar els llacs de la nostra zona.<\/p>\n<p>A l&#8217;hivern, les pistes d&#8217;esqu\u00ed de Tavascan, Espot i Port-Ain\u00e9 s\u00f3n aqu\u00ed mateix. Amb la possibilitat de fer excursions amb raquetes, sortint del mateix Bold\u00eds Sobir\u00e0.<\/p>\n<p><a style=\"text-decoration: none;\" href=\"http:\/\/www.catalunyarural.info\" target=\"_blank\"><img decoding=\"async\" alt=\"CatalunyaRural\" src=\"http:\/\/www.catalunyarural.info\/imatges\/catalunyarural_100.jpg\" border=\"0\" \/><\/a><\/p>","protected":false},"excerpt":{"rendered":"<p>La Perxada de Tic\u00f3 es troba al petit poble de Bold\u00eds Sobir\u00e0 al capdamunt de la Vall de Sant Miquel, una vall secund\u00e0ria de la zona alta de la Vall de Card\u00f3s, al Pallars Sobir\u00e0. Un espai d&#8217;alta muntanya on gaudir de la tranquil\u00b7litat de la vida rural i ramadera. \u2026<\/p>\n<p class=\"continue-reading-button\"> <a class=\"continue-reading-link\" href=\"https:\/\/laperxadadetico.com\/es\/presentacio\/\">Continue reading<i class=\"crycon-right-dir\"><\/i><\/a><\/p>","protected":false},"author":1,"featured_media":0,"parent":0,"menu_order":1,"comment_status":"closed","ping_status":"closed","template":"","meta":{"om_disable_all_campaigns":false,"_exactmetrics_skip_tracking":false,"_exactmetrics_sitenote_active":false,"_exactmetrics_sitenote_note":"","_exactmetrics_sitenote_category":0,"_monsterinsights_skip_tracking":false,"_monsterinsights_sitenote_active":false,"_monsterinsights_sitenote_note":"","_monsterinsights_sitenote_category":0,"ngg_post_thumbnail":0,"footnotes":""},"class_list":["post-2","page","type-page","status-publish","hentry"],"aioseo_notices":[],"_links":{"self":[{"href":"https:\/\/laperxadadetico.com\/es\/wp-json\/wp\/v2\/pages\/2","targetHints":{"allow":["GET"]}}],"collection":[{"href":"https:\/\/laperxadadetico.com\/es\/wp-json\/wp\/v2\/pages"}],"about":[{"href":"https:\/\/laperxadadetico.com\/es\/wp-json\/wp\/v2\/types\/page"}],"author":[{"embeddable":true,"href":"https:\/\/laperxadadetico.com\/es\/wp-json\/wp\/v2\/users\/1"}],"replies":[{"embeddable":true,"href":"https:\/\/laperxadadetico.com\/es\/wp-json\/wp\/v2\/comments?post=2"}],"version-history":[{"count":11,"href":"https:\/\/laperxadadetico.com\/es\/wp-json\/wp\/v2\/pages\/2\/revisions"}],"predecessor-version":[{"id":19,"href":"https:\/\/laperxadadetico.com\/es\/wp-json\/wp\/v2\/pages\/2\/revisions\/19"}],"wp:attachment":[{"href":"https:\/\/laperxadadetico.com\/es\/wp-json\/wp\/v2\/media?parent=2"}],"curies":[{"name":"wp","href":"https:\/\/api.w.org\/{rel}","templated":true}]}}