{"id":298,"date":"2014-02-25T15:26:26","date_gmt":"2014-02-25T15:26:26","guid":{"rendered":"http:\/\/laperxadadetico.com\/?page_id=298"},"modified":"2014-10-16T11:26:45","modified_gmt":"2014-10-16T11:26:45","slug":"hauser","status":"publish","type":"page","link":"https:\/\/laperxadadetico.com\/es\/hauser\/","title":{"rendered":"H\u00e4user"},"content":{"rendered":"<p>Jedes Haus besteht aus:<a href=\"http:\/\/laperxadadetico.com\/wp-content\/uploads\/2014\/02\/lescases1.jpg\"><img fetchpriority=\"high\" decoding=\"async\" class=\"alignright size-full wp-image-485\" src=\"http:\/\/laperxadadetico.com\/wp-content\/uploads\/2014\/02\/lescases1.jpg\" alt=\"lescases\" width=\"400\" height=\"700\" srcset=\"https:\/\/laperxadadetico.com\/wp-content\/uploads\/2014\/02\/lescases1.jpg 400w, https:\/\/laperxadadetico.com\/wp-content\/uploads\/2014\/02\/lescases1-85x150.jpg 85w\" sizes=\"(max-width: 400px) 100vw, 400px\" \/><\/a><\/p>\n<p>&#8211; eigenem Eingang.<\/p>\n<p>&#8211; Wohnzimmer mit TV.<\/p>\n<p>&#8211; Individueller Heizung mit Pellet-\u00d6fen und Elektroradiatoren.<\/p>\n<p>&#8211; Voll ausgestattete K\u00fcche mit Backofen, Herd, K\u00fchlschrank mit Gefrierfach, Mikrowelle, Toaster und Geschirrsp\u00fcler.<\/p>\n<p>&#8211; Komplettes Badezimmer (es gibt eine Waschmaschine und F\u00f6n).<\/p>\n<p>&#8211; Ein Doppelzimmer mit Doppelbett.<\/p>\n<p>&#8211; Ein Doppelzimmer mit zwei Betten.<\/p>\n<p>&#8211; Im Preis enthalten sind Bettw\u00e4sche, Handt\u00fccher, Tischdecken und Geschirrt\u00fccher.<\/p>\n<p>&#8211; Es gibt Besteck, Tassen , Teller, T\u00f6pfe , Pfannen , Geschirr, B\u00fcgeleisen und B\u00fcgelbrett.<\/p>\n<p>&#8211; Wir haben ein Kinderbett und Hochstuhl (bitte bei der Buchung mit angeben).<\/p>\n<p>&#8211; Wir haben Spiele.<\/p>\n<p>&#8211; Wir akzeptieren keine Haustiere.<\/p>\n<p>&#8211; Sie k\u00f6nnen sich \u00fcber die Aktivit\u00e4ten in der Umgebung informieren.<\/p>\n<p>&#8211; Parken k\u00f6nnen Sie direkt an den H\u00e4usern.<\/p>\n<p>&#8211;\u00a0 \u00f6ffentlicher Spielplatz.<\/p>\n<p><iframe width=\"560\" height=\"315\" frameborder=\"0\" scrolling=\"no\" marginheight=\"0\" marginwidth=\"0\" src=\"https:\/\/maps.google.com\/maps?layer=c&amp;panoid=j66T06bGJu0AAAQfCO5nQQ&amp;ie=UTF8&amp;source=embed&amp;output=svembed&amp;cbp=13%2C347.6876%2C%2C0%2C0\"><\/iframe><\/p>\n<div><small><a href=\"https:\/\/www.google.com\/maps\/views\/\" style=\"color:#0000FF; text-align:left\">Views<\/a>: <a href=\"https:\/\/www.google.com\/maps\/views\/view\/108233495354864787402\/gphoto\/6040063511151969490\" style=\"color:#0000FF; text-align:left\">La Perxada de Tic\u00f3 &#8211; Visita virtual<\/a> de <a href=\"https:\/\/www.google.com\/maps\/views\/profile\/108233495354864787402\" style=\"color:#0000FF; text-align:left\">Agencia Royal Tour<\/a><\/small><\/div>","protected":false},"excerpt":{"rendered":"<p>Jedes Haus besteht aus: &#8211; eigenem Eingang. &#8211; Wohnzimmer mit TV. &#8211; Individueller Heizung mit Pellet-\u00d6fen und Elektroradiatoren. &#8211; Voll ausgestattete K\u00fcche mit Backofen, Herd, K\u00fchlschrank mit Gefrierfach, Mikrowelle, Toaster und Geschirrsp\u00fcler. &#8211; Komplettes Badezimmer (es gibt eine Waschmaschine und F\u00f6n). &#8211; Ein Doppelzimmer mit Doppelbett. &#8211; Ein Doppelzimmer mit \u2026<\/p>\n<p class=\"continue-reading-button\"> <a class=\"continue-reading-link\" href=\"https:\/\/laperxadadetico.com\/es\/hauser\/\">Continue reading<i class=\"crycon-right-dir\"><\/i><\/a><\/p>","protected":false},"author":1,"featured_media":0,"parent":0,"menu_order":2,"comment_status":"closed","ping_status":"open","template":"","meta":{"om_disable_all_campaigns":false,"_exactmetrics_skip_tracking":false,"_exactmetrics_sitenote_active":false,"_exactmetrics_sitenote_note":"","_exactmetrics_sitenote_category":0,"_monsterinsights_skip_tracking":false,"_monsterinsights_sitenote_active":false,"_monsterinsights_sitenote_note":"","_monsterinsights_sitenote_category":0,"ngg_post_thumbnail":0,"footnotes":""},"class_list":["post-298","page","type-page","status-publish","hentry"],"aioseo_notices":[],"_links":{"self":[{"href":"https:\/\/laperxadadetico.com\/es\/wp-json\/wp\/v2\/pages\/298","targetHints":{"allow":["GET"]}}],"collection":[{"href":"https:\/\/laperxadadetico.com\/es\/wp-json\/wp\/v2\/pages"}],"about":[{"href":"https:\/\/laperxadadetico.com\/es\/wp-json\/wp\/v2\/types\/page"}],"author":[{"embeddable":true,"href":"https:\/\/laperxadadetico.com\/es\/wp-json\/wp\/v2\/users\/1"}],"replies":[{"embeddable":true,"href":"https:\/\/laperxadadetico.com\/es\/wp-json\/wp\/v2\/comments?post=298"}],"version-history":[{"count":6,"href":"https:\/\/laperxadadetico.com\/es\/wp-json\/wp\/v2\/pages\/298\/revisions"}],"predecessor-version":[{"id":620,"href":"https:\/\/laperxadadetico.com\/es\/wp-json\/wp\/v2\/pages\/298\/revisions\/620"}],"wp:attachment":[{"href":"https:\/\/laperxadadetico.com\/es\/wp-json\/wp\/v2\/media?parent=298"}],"curies":[{"name":"wp","href":"https:\/\/api.w.org\/{rel}","templated":true}]}}