{"id":53,"date":"2014-02-06T17:04:57","date_gmt":"2014-02-06T17:04:57","guid":{"rendered":"http:\/\/laperxadadetico.com\/?page_id=53"},"modified":"2019-05-30T13:11:43","modified_gmt":"2019-05-30T13:11:43","slug":"preus-i-reserves","status":"publish","type":"page","link":"https:\/\/laperxadadetico.com\/es\/preus-i-reserves\/","title":{"rendered":"Preus i reserves"},"content":{"rendered":"<p><i><img fetchpriority=\"high\" decoding=\"async\" class=\"alignright size-full wp-image-520\" src=\"http:\/\/laperxadadetico.com\/wp-content\/uploads\/2014\/02\/preus4.jpg\" alt=\"preus\" width=\"340\" height=\"557\" srcset=\"https:\/\/laperxadadetico.com\/wp-content\/uploads\/2014\/02\/preus4.jpg 340w, https:\/\/laperxadadetico.com\/wp-content\/uploads\/2014\/02\/preus4-91x150.jpg 91w\" sizes=\"(max-width: 340px) 100vw, 340px\" \/>Preu per persona i dia \u2013 al voltant de 25\u20ac persona\/nit segons ocupaci\u00f3 i dies d&#8217;estada<\/i><\/p>\n<p><i>\u00a0<\/i><i>M\u00ednimo 2 noches\u00a0<\/i><\/p>\n<p><i>Si s\u00b4ocupa 1 sola nit es cobrar\u00e0 1 suplement de 15\u20ac per habitaci\u00f3 ocupada.<\/i><\/p>\n<p><i>Casa completa- 200\u20ac 4 persones\/2 nits<\/i><i><\/i><\/p>\n<p><i>\u00a0\u00a0\u00a0\u00a0\u00a0\u00a0\u00a0\u00a0\u00a0\u00a0\u00a0\u00a0\u00a0\u00a0\u00a0\u00a0\u00a0\u00a0\u00a0\u00a0\u00a0 <\/i><i>&#8211; 300\u20ac 4 persones\/3 nits<\/i><\/p>\n<p><i>\u00a0<\/i><i style=\"line-height: 1.5em;\">A partir de la 3.\u00aa noche 24\u20ac\/persona\/noche con casa completa.<\/i><\/p>\n<p><i>(Consultar precios por m\u00e1s noches y casa no completa)<\/i><\/p>\n<p><b>RESERVES<\/b><\/p>\n<p>Contacta amb LA PERXADA DE TIC\u00d3 aqu\u00ed:<\/p>\n<p>Tel\u00e8fons. 973623181\u00a0\u00a0 678876359\u00a0 (Maria)<\/p>\n<p>Email: perxadadetico@gmail.com<\/p>\n<p>&nbsp;<\/p>\n<p>&nbsp;<\/p>\n<p><b>PAGAMENT<\/b><\/p>\n<p>S&#8217;abonar\u00e0 un 30% de la reserva, mitjan\u00e7ant transfer\u00e8ncia banc\u00e0ria, per a confirmar-la. La resta es pagar\u00e0 durant l&#8217;estada a la casa en efectiu o amb tarja banc\u00e0ria.<\/p>\n<p>En casa d&#8217;anulaci\u00f3 15 dies abans de l\u00b4arribada es tornaran els diners, sin\u00f3 quedaran en dip\u00f2sit per a properes estades.\u00a0Si s&#8217;anula 2 o menys dies abans de l&#8217;arribada es perdr\u00e0 un 50% de la bestreta.<\/p>","protected":false},"excerpt":{"rendered":"<p>Preu per persona i dia \u2013 al voltant de 25\u20ac persona\/nit segons ocupaci\u00f3 i dies d&#8217;estada \u00a0M\u00ednim 2 nits\u00a0 Si s\u00b4ocupa 1 sola nit es cobrar\u00e0 1 suplement de 15\u20ac per habitaci\u00f3 ocupada. Casa completa- 200\u20ac 4 persones\/2 nits \u00a0\u00a0\u00a0\u00a0\u00a0\u00a0\u00a0\u00a0\u00a0\u00a0\u00a0\u00a0\u00a0\u00a0\u00a0\u00a0\u00a0\u00a0\u00a0\u00a0\u00a0 &#8211; 300\u20ac 4 persones\/3 nits \u00a0A partir de la 3a \u2026<\/p>\n<p class=\"continue-reading-button\"> <a class=\"continue-reading-link\" href=\"https:\/\/laperxadadetico.com\/es\/preus-i-reserves\/\">Continue reading<i class=\"crycon-right-dir\"><\/i><\/a><\/p>","protected":false},"author":1,"featured_media":0,"parent":0,"menu_order":4,"comment_status":"closed","ping_status":"closed","template":"","meta":{"om_disable_all_campaigns":false,"_exactmetrics_skip_tracking":false,"_exactmetrics_sitenote_active":false,"_exactmetrics_sitenote_note":"","_exactmetrics_sitenote_category":0,"_monsterinsights_skip_tracking":false,"_monsterinsights_sitenote_active":false,"_monsterinsights_sitenote_note":"","_monsterinsights_sitenote_category":0,"ngg_post_thumbnail":0,"footnotes":""},"class_list":["post-53","page","type-page","status-publish","hentry"],"aioseo_notices":[],"_links":{"self":[{"href":"https:\/\/laperxadadetico.com\/es\/wp-json\/wp\/v2\/pages\/53","targetHints":{"allow":["GET"]}}],"collection":[{"href":"https:\/\/laperxadadetico.com\/es\/wp-json\/wp\/v2\/pages"}],"about":[{"href":"https:\/\/laperxadadetico.com\/es\/wp-json\/wp\/v2\/types\/page"}],"author":[{"embeddable":true,"href":"https:\/\/laperxadadetico.com\/es\/wp-json\/wp\/v2\/users\/1"}],"replies":[{"embeddable":true,"href":"https:\/\/laperxadadetico.com\/es\/wp-json\/wp\/v2\/comments?post=53"}],"version-history":[{"count":10,"href":"https:\/\/laperxadadetico.com\/es\/wp-json\/wp\/v2\/pages\/53\/revisions"}],"predecessor-version":[{"id":645,"href":"https:\/\/laperxadadetico.com\/es\/wp-json\/wp\/v2\/pages\/53\/revisions\/645"}],"wp:attachment":[{"href":"https:\/\/laperxadadetico.com\/es\/wp-json\/wp\/v2\/media?parent=53"}],"curies":[{"name":"wp","href":"https:\/\/api.w.org\/{rel}","templated":true}]}}